{"id":107,"date":"2023-08-16T05:39:43","date_gmt":"2023-08-16T05:39:43","guid":{"rendered":"https:\/\/mmaduana.com\/?page_id=107"},"modified":"2023-09-01T01:44:25","modified_gmt":"2023-09-01T01:44:25","slug":"directorio","status":"publish","type":"page","link":"https:\/\/mmaduana.com\/index.php\/directorio\/","title":{"rendered":"Directorio"},"content":{"rendered":"\t\t<div data-elementor-type=\"wp-page\" data-elementor-id=\"107\" class=\"elementor elementor-107\">\n\t\t\t\t\t\t<section class=\"elementor-section elementor-top-section elementor-element elementor-element-20648b5 elementor-section-boxed elementor-section-height-default elementor-section-height-default\" data-id=\"20648b5\" data-element_type=\"section\">\n\t\t\t\t\t\t\t<div class=\"elementor-background-overlay\"><\/div>\n\t\t\t\t\t\t\t<div class=\"elementor-container elementor-column-gap-default\">\n\t\t\t\t\t<div class=\"elementor-column elementor-col-50 elementor-top-column elementor-element elementor-element-0533a92\" data-id=\"0533a92\" data-element_type=\"column\">\n\t\t\t<div class=\"elementor-widget-wrap elementor-element-populated\">\n\t\t\t\t\t\t<div class=\"elementor-element elementor-element-ef3aaa3 animated-slow elementor-invisible elementor-widget elementor-widget-image\" data-id=\"ef3aaa3\" data-element_type=\"widget\" data-settings=\"{&quot;_animation&quot;:&quot;fadeInLeft&quot;,&quot;_animation_delay&quot;:500}\" data-widget_type=\"image.default\">\n\t\t\t\t<div class=\"elementor-widget-container\">\n\t\t\t\t\t\t\t\t\t\t\t\t\t\t\t<img fetchpriority=\"high\" decoding=\"async\" width=\"768\" height=\"768\" src=\"https:\/\/mmaduana.com\/wp-content\/uploads\/2023\/08\/PERSONA-2-768x768.png\" class=\"attachment-medium_large size-medium_large wp-image-118\" alt=\"\" srcset=\"https:\/\/mmaduana.com\/wp-content\/uploads\/2023\/08\/PERSONA-2-768x768.png 768w, https:\/\/mmaduana.com\/wp-content\/uploads\/2023\/08\/PERSONA-2-300x300.png 300w, https:\/\/mmaduana.com\/wp-content\/uploads\/2023\/08\/PERSONA-2-150x150.png 150w, https:\/\/mmaduana.com\/wp-content\/uploads\/2023\/08\/PERSONA-2.png 1000w\" sizes=\"(max-width: 768px) 100vw, 768px\" \/>\t\t\t\t\t\t\t\t\t\t\t\t\t\t\t<\/div>\n\t\t\t\t<\/div>\n\t\t\t\t<div class=\"elementor-element elementor-element-431eb16 animated-slow elementor-invisible elementor-widget elementor-widget-text-editor\" data-id=\"431eb16\" data-element_type=\"widget\" data-settings=\"{&quot;_animation&quot;:&quot;fadeInUp&quot;,&quot;_animation_delay&quot;:570}\" data-widget_type=\"text-editor.default\">\n\t\t\t\t<div class=\"elementor-widget-container\">\n\t\t\t\t\t\t\t\t\t<p><span style=\"font-weight: 400;\">\u00a0Msc. Patricio Mafla<br \/><\/span><span style=\"font-weight: 400;\">AGENTE DE ADUANA<br \/>MM AGENCIA DE ADUANA &amp; ASOCIADOS CIA. LTDA.<br \/><\/span><\/p>\t\t\t\t\t\t\t\t<\/div>\n\t\t\t\t<\/div>\n\t\t\t\t\t<\/div>\n\t\t<\/div>\n\t\t\t\t<div class=\"elementor-column elementor-col-50 elementor-top-column elementor-element elementor-element-01be75d\" data-id=\"01be75d\" data-element_type=\"column\">\n\t\t\t<div class=\"elementor-widget-wrap elementor-element-populated\">\n\t\t\t\t\t\t<div class=\"elementor-element elementor-element-15c2191 elementor-star-rating--align-center animated-slow elementor--star-style-star_fontawesome elementor-invisible elementor-widget elementor-widget-star-rating\" data-id=\"15c2191\" data-element_type=\"widget\" data-settings=\"{&quot;_animation&quot;:&quot;fadeInDown&quot;,&quot;_animation_delay&quot;:500}\" data-widget_type=\"star-rating.default\">\n\t\t\t\t<div class=\"elementor-widget-container\">\n\t\t\t\t\t\n\t\t<div class=\"elementor-star-rating__wrapper\">\n\t\t\t\t\t\t<div class=\"elementor-star-rating\" title=\"5\/5\" itemtype=\"http:\/\/schema.org\/Rating\" itemscope=\"\" itemprop=\"reviewRating\"><i class=\"elementor-star-full\">&#xE934;<\/i><i class=\"elementor-star-full\">&#xE934;<\/i><i class=\"elementor-star-full\">&#xE934;<\/i><i class=\"elementor-star-full\">&#xE934;<\/i><i class=\"elementor-star-full\">&#xE934;<\/i> <span itemprop=\"ratingValue\" class=\"elementor-screen-only\">5\/5<\/span><\/div>\t\t<\/div>\n\t\t\t\t\t\t<\/div>\n\t\t\t\t<\/div>\n\t\t\t\t<div class=\"elementor-element elementor-element-a72b441 animated-slow elementor-invisible elementor-widget elementor-widget-heading\" data-id=\"a72b441\" data-element_type=\"widget\" data-settings=\"{&quot;_animation&quot;:&quot;fadeInRight&quot;,&quot;_animation_delay&quot;:550}\" data-widget_type=\"heading.default\">\n\t\t\t\t<div class=\"elementor-widget-container\">\n\t\t\t\t\t<h2 class=\"elementor-heading-title elementor-size-default\">EXPERIENCIA:<\/h2>\t\t\t\t<\/div>\n\t\t\t\t<\/div>\n\t\t\t\t<div class=\"elementor-element elementor-element-12306d7 animated-slow elementor-invisible elementor-widget elementor-widget-text-editor\" data-id=\"12306d7\" data-element_type=\"widget\" data-settings=\"{&quot;_animation&quot;:&quot;fadeInRight&quot;,&quot;_animation_delay&quot;:560}\" data-widget_type=\"text-editor.default\">\n\t\t\t\t<div class=\"elementor-widget-container\">\n\t\t\t\t\t\t\t\t\t<ul><li style=\"font-weight: 400;\" aria-level=\"1\"><span style=\"font-weight: 400;\">Agente de Aduana autorizado por el SENAE desde 2017<\/span><\/li><li style=\"font-weight: 400;\" aria-level=\"1\"><b>YACHAY E.P. UNIDAD DE NEGOCIOS Y GESTI\u00d3N DE ZEDE: <\/b><span style=\"font-weight: 400;\">Director de Control Aduanero de la Zona Especial de Desarrollo Econ\u00f3mico <\/span><strong>ZEDE YACHAY\u00a0<\/strong><\/li><\/ul><ul><li style=\"font-weight: 400;\" aria-level=\"1\"><b>SERVICIO NACIONAL DE ADUANA DEL ECUADOR Distrito Tulc\u00e1n: <\/b><span style=\"font-weight: 400;\">Director de despacho subrogante, t\u00e9cnico operador, aforo universal, documental, f\u00edsico, reg\u00edmenes especiales, garant\u00edas aduaneras, zona primaria <\/span><\/li><li style=\"font-weight: 400;\" aria-level=\"1\"><b style=\"font-style: inherit;\">SERVICIO NACIONAL DE ADUANA DEL ECUADOR Direcci\u00f3n General Guayaquil: <\/b><span style=\"font-weight: 400;\">Mejora Continua, desarrollo del proyecto ECUAPASS<\/span><\/li><\/ul>\t\t\t\t\t\t\t\t<\/div>\n\t\t\t\t<\/div>\n\t\t\t\t\t<\/div>\n\t\t<\/div>\n\t\t\t\t\t<\/div>\n\t\t<\/section>\n\t\t\t\t<section class=\"elementor-section elementor-top-section elementor-element elementor-element-51df2a4 elementor-section-boxed elementor-section-height-default elementor-section-height-default\" data-id=\"51df2a4\" data-element_type=\"section\">\n\t\t\t\t\t\t<div class=\"elementor-container elementor-column-gap-default\">\n\t\t\t\t\t<div class=\"elementor-column elementor-col-50 elementor-top-column elementor-element elementor-element-71f5488\" data-id=\"71f5488\" data-element_type=\"column\">\n\t\t\t<div class=\"elementor-widget-wrap elementor-element-populated\">\n\t\t\t\t\t\t<div class=\"elementor-element elementor-element-d95f855 elementor-star-rating--align-center animated-slow elementor--star-style-star_fontawesome elementor-invisible elementor-widget elementor-widget-star-rating\" data-id=\"d95f855\" data-element_type=\"widget\" data-settings=\"{&quot;_animation&quot;:&quot;fadeInDown&quot;,&quot;_animation_delay&quot;:600}\" data-widget_type=\"star-rating.default\">\n\t\t\t\t<div class=\"elementor-widget-container\">\n\t\t\t\t\t\n\t\t<div class=\"elementor-star-rating__wrapper\">\n\t\t\t\t\t\t<div class=\"elementor-star-rating\" title=\"5\/5\" itemtype=\"http:\/\/schema.org\/Rating\" itemscope=\"\" itemprop=\"reviewRating\"><i class=\"elementor-star-full\">&#xE934;<\/i><i class=\"elementor-star-full\">&#xE934;<\/i><i class=\"elementor-star-full\">&#xE934;<\/i><i class=\"elementor-star-full\">&#xE934;<\/i><i class=\"elementor-star-full\">&#xE934;<\/i> <span itemprop=\"ratingValue\" class=\"elementor-screen-only\">5\/5<\/span><\/div>\t\t<\/div>\n\t\t\t\t\t\t<\/div>\n\t\t\t\t<\/div>\n\t\t\t\t<div class=\"elementor-element elementor-element-ce1e028 animated-slow elementor-invisible elementor-widget elementor-widget-heading\" data-id=\"ce1e028\" data-element_type=\"widget\" data-settings=\"{&quot;_animation&quot;:&quot;fadeInLeft&quot;,&quot;_animation_delay&quot;:550}\" data-widget_type=\"heading.default\">\n\t\t\t\t<div class=\"elementor-widget-container\">\n\t\t\t\t\t<h2 class=\"elementor-heading-title elementor-size-default\">EXPERIENCIA:<\/h2>\t\t\t\t<\/div>\n\t\t\t\t<\/div>\n\t\t\t\t<div class=\"elementor-element elementor-element-87272f2 animated-slow elementor-invisible elementor-widget elementor-widget-text-editor\" data-id=\"87272f2\" data-element_type=\"widget\" data-settings=\"{&quot;_animation&quot;:&quot;fadeInLeft&quot;,&quot;_animation_delay&quot;:550}\" data-widget_type=\"text-editor.default\">\n\t\t\t\t<div class=\"elementor-widget-container\">\n\t\t\t\t\t\t\t\t\t<ul><li style=\"font-weight: 400;\" aria-level=\"1\"><b>MM AGENCIA DE ADUANA &amp; ASOCIADOS<\/b><span style=\"font-weight: 400;\"> Jefe Operativo Nacional desde 2017<\/span><\/li><li style=\"font-weight: 400;\" aria-level=\"1\"><b>DISMARKLUB S.A.<\/b><span style=\"font-weight: 400;\"> Coordinadora de Comercio Exterior y Log\u00edstica<\/span><\/li><li style=\"font-weight: 400;\" aria-level=\"1\"><b>LABORATORIOS SIEGFRIED S.A.<\/b><span style=\"font-weight: 400;\">\u00a0 Asistente de Adquisiciones\u00a0<\/span><\/li><li style=\"font-weight: 400;\" aria-level=\"1\"><b>AGENCIA DE ADUANAS ADUANOR <\/b><span style=\"font-weight: 400;\">\u00a0Ejecutiva de cuenta <\/span><\/li><li style=\"font-weight: 400;\" aria-level=\"1\"><b style=\"font-style: inherit;\">LATINA EXPORT CIA. LTDA.<\/b><span style=\"font-weight: 400;\">\u00a0 Asistente de Importaciones y Compras P\u00fablicas<\/span><\/li><\/ul>\t\t\t\t\t\t\t\t<\/div>\n\t\t\t\t<\/div>\n\t\t\t\t\t<\/div>\n\t\t<\/div>\n\t\t\t\t<div class=\"elementor-column elementor-col-50 elementor-top-column elementor-element elementor-element-54f652a\" data-id=\"54f652a\" data-element_type=\"column\">\n\t\t\t<div class=\"elementor-widget-wrap elementor-element-populated\">\n\t\t\t\t\t\t<div class=\"elementor-element elementor-element-240c980 animated-slow elementor-invisible elementor-widget elementor-widget-image\" data-id=\"240c980\" data-element_type=\"widget\" data-settings=\"{&quot;_animation&quot;:&quot;fadeInRight&quot;,&quot;_animation_delay&quot;:560}\" data-widget_type=\"image.default\">\n\t\t\t\t<div class=\"elementor-widget-container\">\n\t\t\t\t\t\t\t\t\t\t\t\t\t\t\t<img decoding=\"async\" width=\"768\" height=\"768\" src=\"https:\/\/mmaduana.com\/wp-content\/uploads\/2023\/08\/persona-1--768x768.png\" class=\"attachment-medium_large size-medium_large wp-image-119\" alt=\"\" srcset=\"https:\/\/mmaduana.com\/wp-content\/uploads\/2023\/08\/persona-1--768x768.png 768w, https:\/\/mmaduana.com\/wp-content\/uploads\/2023\/08\/persona-1--300x300.png 300w, https:\/\/mmaduana.com\/wp-content\/uploads\/2023\/08\/persona-1--150x150.png 150w, https:\/\/mmaduana.com\/wp-content\/uploads\/2023\/08\/persona-1-.png 1000w\" sizes=\"(max-width: 768px) 100vw, 768px\" \/>\t\t\t\t\t\t\t\t\t\t\t\t\t\t\t<\/div>\n\t\t\t\t<\/div>\n\t\t\t\t<div class=\"elementor-element elementor-element-24978ee animated-slow elementor-invisible elementor-widget elementor-widget-text-editor\" data-id=\"24978ee\" data-element_type=\"widget\" data-settings=\"{&quot;_animation&quot;:&quot;fadeInUp&quot;,&quot;_animation_delay&quot;:550}\" data-widget_type=\"text-editor.default\">\n\t\t\t\t<div class=\"elementor-widget-container\">\n\t\t\t\t\t\t\t\t\t<p><span style=\"font-weight: 400;\">Ing. Daysy Paucar<br \/><\/span><span style=\"font-weight: 400;\">JEFE OPERATIVO NACIONAL<br \/><\/span>MM AGENCIA DE ADUANA &amp; ASOCIADOS CIA. LTDA.<\/p>\t\t\t\t\t\t\t\t<\/div>\n\t\t\t\t<\/div>\n\t\t\t\t\t<\/div>\n\t\t<\/div>\n\t\t\t\t\t<\/div>\n\t\t<\/section>\n\t\t\t\t<section class=\"elementor-section elementor-top-section elementor-element elementor-element-bcf6971 elementor-section-boxed elementor-section-height-default elementor-section-height-default\" data-id=\"bcf6971\" data-element_type=\"section\">\n\t\t\t\t\t\t\t<div class=\"elementor-background-overlay\"><\/div>\n\t\t\t\t\t\t\t<div class=\"elementor-container elementor-column-gap-default\">\n\t\t\t\t\t<div class=\"elementor-column elementor-col-50 elementor-top-column elementor-element elementor-element-0630b88\" data-id=\"0630b88\" data-element_type=\"column\">\n\t\t\t<div class=\"elementor-widget-wrap elementor-element-populated\">\n\t\t\t\t\t\t<div class=\"elementor-element elementor-element-2a9ab72 animated-slow elementor-invisible elementor-widget elementor-widget-image\" data-id=\"2a9ab72\" data-element_type=\"widget\" data-settings=\"{&quot;_animation&quot;:&quot;fadeInLeft&quot;,&quot;_animation_delay&quot;:500}\" data-widget_type=\"image.default\">\n\t\t\t\t<div class=\"elementor-widget-container\">\n\t\t\t\t\t\t\t\t\t\t\t\t\t\t\t<img decoding=\"async\" width=\"768\" height=\"768\" src=\"https:\/\/mmaduana.com\/wp-content\/uploads\/2023\/09\/fotos-nuevo-768x768.png\" class=\"attachment-medium_large size-medium_large wp-image-589\" alt=\"\" srcset=\"https:\/\/mmaduana.com\/wp-content\/uploads\/2023\/09\/fotos-nuevo-768x768.png 768w, https:\/\/mmaduana.com\/wp-content\/uploads\/2023\/09\/fotos-nuevo-300x300.png 300w, https:\/\/mmaduana.com\/wp-content\/uploads\/2023\/09\/fotos-nuevo-150x150.png 150w, https:\/\/mmaduana.com\/wp-content\/uploads\/2023\/09\/fotos-nuevo.png 1000w\" sizes=\"(max-width: 768px) 100vw, 768px\" \/>\t\t\t\t\t\t\t\t\t\t\t\t\t\t\t<\/div>\n\t\t\t\t<\/div>\n\t\t\t\t<div class=\"elementor-element elementor-element-ae138b0 animated-slow elementor-invisible elementor-widget elementor-widget-text-editor\" data-id=\"ae138b0\" data-element_type=\"widget\" data-settings=\"{&quot;_animation&quot;:&quot;fadeInUp&quot;,&quot;_animation_delay&quot;:570}\" data-widget_type=\"text-editor.default\">\n\t\t\t\t<div class=\"elementor-widget-container\">\n\t\t\t\t\t\t\t\t\t<p><span style=\"font-weight: 400;\">Dr.\u00a0 Jheym Paucar<br \/><\/span><span style=\"font-weight: 400;\">DEPARTAMENTO LEGAL<br \/><\/span><span style=\"font-weight: 400;\">MM AGENCIA DE ADUANA &amp; ASOCIADOS CIA. LTDA.<br \/><\/span><\/p>\t\t\t\t\t\t\t\t<\/div>\n\t\t\t\t<\/div>\n\t\t\t\t\t<\/div>\n\t\t<\/div>\n\t\t\t\t<div class=\"elementor-column elementor-col-50 elementor-top-column elementor-element elementor-element-de14cab\" data-id=\"de14cab\" data-element_type=\"column\">\n\t\t\t<div class=\"elementor-widget-wrap elementor-element-populated\">\n\t\t\t\t\t\t<div class=\"elementor-element elementor-element-93e127c elementor-star-rating--align-center animated-slow elementor--star-style-star_fontawesome elementor-invisible elementor-widget elementor-widget-star-rating\" data-id=\"93e127c\" data-element_type=\"widget\" data-settings=\"{&quot;_animation&quot;:&quot;fadeInDown&quot;,&quot;_animation_delay&quot;:500}\" data-widget_type=\"star-rating.default\">\n\t\t\t\t<div class=\"elementor-widget-container\">\n\t\t\t\t\t\n\t\t<div class=\"elementor-star-rating__wrapper\">\n\t\t\t\t\t\t<div class=\"elementor-star-rating\" title=\"5\/5\" itemtype=\"http:\/\/schema.org\/Rating\" itemscope=\"\" itemprop=\"reviewRating\"><i class=\"elementor-star-full\">&#xE934;<\/i><i class=\"elementor-star-full\">&#xE934;<\/i><i class=\"elementor-star-full\">&#xE934;<\/i><i class=\"elementor-star-full\">&#xE934;<\/i><i class=\"elementor-star-full\">&#xE934;<\/i> <span itemprop=\"ratingValue\" class=\"elementor-screen-only\">5\/5<\/span><\/div>\t\t<\/div>\n\t\t\t\t\t\t<\/div>\n\t\t\t\t<\/div>\n\t\t\t\t<div class=\"elementor-element elementor-element-248eeed animated-slow elementor-invisible elementor-widget elementor-widget-heading\" data-id=\"248eeed\" data-element_type=\"widget\" data-settings=\"{&quot;_animation&quot;:&quot;fadeInRight&quot;,&quot;_animation_delay&quot;:550}\" data-widget_type=\"heading.default\">\n\t\t\t\t<div class=\"elementor-widget-container\">\n\t\t\t\t\t<h2 class=\"elementor-heading-title elementor-size-default\">EXPERIENCIA:<\/h2>\t\t\t\t<\/div>\n\t\t\t\t<\/div>\n\t\t\t\t<div class=\"elementor-element elementor-element-eb7b5eb animated-slow elementor-invisible elementor-widget elementor-widget-text-editor\" data-id=\"eb7b5eb\" data-element_type=\"widget\" data-settings=\"{&quot;_animation&quot;:&quot;fadeInRight&quot;,&quot;_animation_delay&quot;:560}\" data-widget_type=\"text-editor.default\">\n\t\t\t\t<div class=\"elementor-widget-container\">\n\t\t\t\t\t\t\t\t\t<ul><li style=\"font-weight: 400;\" aria-level=\"1\"><b>MM AGENCIA DE ADUANA &amp; ASOCIADOS<\/b><span style=\"font-weight: 400;\"> CIA. LTDA. Director Jur\u00eddico<\/span><\/li><li style=\"font-weight: 400;\" aria-level=\"1\"><span style=\"font-weight: 400;\">CUMBRE MUNDIAL DE LAS ARTES, LAS CIENCIAS Y LA ESPIRITUALIDAD POR LA PAZ Y LA VIDA Asesor Jur\u00eddico Permanente<\/span><\/li><\/ul><ul><li style=\"font-weight: 400;\" aria-level=\"1\"><b>ESTUDIO JURIDICO LEX AND LEX<\/b><span style=\"font-weight: 400;\">\u00a0 Abogado Senior<\/span><\/li><\/ul>\t\t\t\t\t\t\t\t<\/div>\n\t\t\t\t<\/div>\n\t\t\t\t\t<\/div>\n\t\t<\/div>\n\t\t\t\t\t<\/div>\n\t\t<\/section>\n\t\t\t\t<\/div>\n\t\t","protected":false},"excerpt":{"rendered":"<p>\u00a0Msc. Patricio MaflaAGENTE DE ADUANAMM AGENCIA DE ADUANA &amp; ASOCIADOS CIA. LTDA. &#xE934;&#xE934;&#xE934;&#xE934;&#xE934; 5\/5 EXPERIENCIA: Agente de Aduana autorizado por el SENAE desde 2017 YACHAY E.P. UNIDAD DE NEGOCIOS Y GESTI\u00d3N DE ZEDE: Director de Control Aduanero de la Zona Especial de Desarrollo Econ\u00f3mico ZEDE YACHAY\u00a0 SERVICIO NACIONAL DE ADUANA DEL ECUADOR Distrito Tulc\u00e1n: Director &hellip;<\/p>\n<p class=\"read-more\"> <a class=\"\" href=\"https:\/\/mmaduana.com\/index.php\/directorio\/\"> <span class=\"screen-reader-text\">Directorio<\/span> Leer m\u00e1s &raquo;<\/a><\/p>\n","protected":false},"author":1,"featured_media":0,"parent":0,"menu_order":0,"comment_status":"closed","ping_status":"closed","template":"","meta":{"_uag_custom_page_level_css":"","site-sidebar-layout":"no-sidebar","site-content-layout":"page-builder","ast-site-content-layout":"","site-content-style":"default","site-sidebar-style":"default","ast-global-header-display":"","ast-banner-title-visibility":"","ast-main-header-display":"","ast-hfb-above-header-display":"","ast-hfb-below-header-display":"","ast-hfb-mobile-header-display":"","site-post-title":"disabled","ast-breadcrumbs-content":"","ast-featured-img":"disabled","footer-sml-layout":"","theme-transparent-header-meta":"","adv-header-id-meta":"","stick-header-meta":"","header-above-stick-meta":"","header-main-stick-meta":"","header-below-stick-meta":"","astra-migrate-meta-layouts":"","_joinchat":[],"footnotes":""},"class_list":["post-107","page","type-page","status-publish","hentry"],"uagb_featured_image_src":{"full":false,"thumbnail":false,"medium":false,"medium_large":false,"large":false,"1536x1536":false,"2048x2048":false},"uagb_author_info":{"display_name":"MM ADUANA","author_link":"https:\/\/mmaduana.com\/index.php\/author\/admin_mmaduana\/"},"uagb_comment_info":0,"uagb_excerpt":"\u00a0Msc. Patricio MaflaAGENTE DE ADUANAMM AGENCIA DE ADUANA &amp; ASOCIADOS CIA. LTDA. &#xE934;&#xE934;&#xE934;&#xE934;&#xE934; 5\/5 EXPERIENCIA: Agente de Aduana autorizado por el SENAE desde 2017 YACHAY E.P. UNIDAD DE NEGOCIOS Y GESTI\u00d3N DE ZEDE: Director de Control Aduanero de la Zona Especial de Desarrollo Econ\u00f3mico ZEDE YACHAY\u00a0 SERVICIO NACIONAL DE ADUANA DEL ECUADOR Distrito Tulc\u00e1n: Director&hellip;","_links":{"self":[{"href":"https:\/\/mmaduana.com\/index.php\/wp-json\/wp\/v2\/pages\/107","targetHints":{"allow":["GET"]}}],"collection":[{"href":"https:\/\/mmaduana.com\/index.php\/wp-json\/wp\/v2\/pages"}],"about":[{"href":"https:\/\/mmaduana.com\/index.php\/wp-json\/wp\/v2\/types\/page"}],"author":[{"embeddable":true,"href":"https:\/\/mmaduana.com\/index.php\/wp-json\/wp\/v2\/users\/1"}],"replies":[{"embeddable":true,"href":"https:\/\/mmaduana.com\/index.php\/wp-json\/wp\/v2\/comments?post=107"}],"version-history":[{"count":22,"href":"https:\/\/mmaduana.com\/index.php\/wp-json\/wp\/v2\/pages\/107\/revisions"}],"predecessor-version":[{"id":592,"href":"https:\/\/mmaduana.com\/index.php\/wp-json\/wp\/v2\/pages\/107\/revisions\/592"}],"wp:attachment":[{"href":"https:\/\/mmaduana.com\/index.php\/wp-json\/wp\/v2\/media?parent=107"}],"curies":[{"name":"wp","href":"https:\/\/api.w.org\/{rel}","templated":true}]}}