{"id":167,"date":"2023-08-24T00:44:53","date_gmt":"2023-08-24T00:44:53","guid":{"rendered":"https:\/\/mmaduana.com\/?page_id=167"},"modified":"2023-09-01T01:45:33","modified_gmt":"2023-09-01T01:45:33","slug":"agenciamiento-de-aduana","status":"publish","type":"page","link":"https:\/\/mmaduana.com\/index.php\/agenciamiento-de-aduana\/","title":{"rendered":"Agenciamiento de Aduana"},"content":{"rendered":"\t\t<div data-elementor-type=\"wp-page\" data-elementor-id=\"167\" class=\"elementor elementor-167\">\n\t\t\t\t\t\t<section class=\"elementor-section elementor-top-section elementor-element elementor-element-046a025 animated-slow elementor-section-boxed elementor-section-height-default elementor-section-height-default elementor-invisible\" data-id=\"046a025\" data-element_type=\"section\" data-settings=\"{&quot;animation&quot;:&quot;fadeInDown&quot;,&quot;animation_delay&quot;:450}\">\n\t\t\t\t\t\t<div class=\"elementor-container elementor-column-gap-default\">\n\t\t\t\t\t<div class=\"elementor-column elementor-col-100 elementor-top-column elementor-element elementor-element-41661cb\" data-id=\"41661cb\" data-element_type=\"column\">\n\t\t\t<div class=\"elementor-widget-wrap elementor-element-populated\">\n\t\t\t\t\t\t<div class=\"elementor-element elementor-element-f59ae0e elementor-widget elementor-widget-image\" data-id=\"f59ae0e\" data-element_type=\"widget\" data-widget_type=\"image.default\">\n\t\t\t\t<div class=\"elementor-widget-container\">\n\t\t\t\t\t\t\t\t\t\t\t\t\t\t\t<img fetchpriority=\"high\" decoding=\"async\" width=\"1000\" height=\"400\" src=\"https:\/\/mmaduana.com\/wp-content\/uploads\/2023\/08\/MM-IMAGENESnnn.png\" class=\"attachment-full size-full wp-image-399\" alt=\"\" srcset=\"https:\/\/mmaduana.com\/wp-content\/uploads\/2023\/08\/MM-IMAGENESnnn.png 1000w, https:\/\/mmaduana.com\/wp-content\/uploads\/2023\/08\/MM-IMAGENESnnn-300x120.png 300w, https:\/\/mmaduana.com\/wp-content\/uploads\/2023\/08\/MM-IMAGENESnnn-768x307.png 768w\" sizes=\"(max-width: 1000px) 100vw, 1000px\" \/>\t\t\t\t\t\t\t\t\t\t\t\t\t\t\t<\/div>\n\t\t\t\t<\/div>\n\t\t\t\t<div class=\"elementor-element elementor-element-e063fdc animated-slow elementor-invisible elementor-widget elementor-widget-heading\" data-id=\"e063fdc\" data-element_type=\"widget\" data-settings=\"{&quot;_animation&quot;:&quot;fadeInDown&quot;,&quot;_animation_delay&quot;:440}\" data-widget_type=\"heading.default\">\n\t\t\t\t<div class=\"elementor-widget-container\">\n\t\t\t\t\t<h2 class=\"elementor-heading-title elementor-size-default\">Agenciamiento de aduana<\/h2>\t\t\t\t<\/div>\n\t\t\t\t<\/div>\n\t\t\t\t\t<\/div>\n\t\t<\/div>\n\t\t\t\t\t<\/div>\n\t\t<\/section>\n\t\t\t\t<section class=\"elementor-section elementor-top-section elementor-element elementor-element-fd3f525 elementor-section-boxed elementor-section-height-default elementor-section-height-default\" data-id=\"fd3f525\" data-element_type=\"section\">\n\t\t\t\t\t\t<div class=\"elementor-container elementor-column-gap-default\">\n\t\t\t\t\t<div class=\"elementor-column elementor-col-16 elementor-top-column elementor-element elementor-element-1f81296\" data-id=\"1f81296\" data-element_type=\"column\">\n\t\t\t<div class=\"elementor-widget-wrap\">\n\t\t\t\t\t\t\t<\/div>\n\t\t<\/div>\n\t\t\t\t<div class=\"elementor-column elementor-col-66 elementor-top-column elementor-element elementor-element-5d3e08f\" data-id=\"5d3e08f\" data-element_type=\"column\">\n\t\t\t<div class=\"elementor-widget-wrap elementor-element-populated\">\n\t\t\t\t\t\t<div class=\"elementor-element elementor-element-70724b8 animated-slow elementor-invisible elementor-widget elementor-widget-text-editor\" data-id=\"70724b8\" data-element_type=\"widget\" data-settings=\"{&quot;_animation&quot;:&quot;fadeInLeft&quot;,&quot;_animation_delay&quot;:450}\" data-widget_type=\"text-editor.default\">\n\t\t\t\t<div class=\"elementor-widget-container\">\n\t\t\t\t\t\t\t\t\t<p><span style=\"font-weight: 400;\">La experiencia y profesionalismo de nuestro Gerente General y Agente Nacional de Aduana, Msc. Patricio Mafla Mej\u00eda, quien ha trabajado por m\u00e1s de 24 a\u00f1os en el \u00e1rea de Comercio Exterior, junto a nuestro gran equipo de colaboradores, nos permite ofrecer a nivel nacional un servicio especializado en Agenciamiento Aduanero, cumpliendo con la normativa y obligaciones aduaneras para garantizar la libre circulaci\u00f3n de las mercanc\u00edas.<\/span><\/p>\t\t\t\t\t\t\t\t<\/div>\n\t\t\t\t<\/div>\n\t\t\t\t\t<\/div>\n\t\t<\/div>\n\t\t\t\t<div class=\"elementor-column elementor-col-16 elementor-top-column elementor-element elementor-element-bce3356\" data-id=\"bce3356\" data-element_type=\"column\">\n\t\t\t<div class=\"elementor-widget-wrap\">\n\t\t\t\t\t\t\t<\/div>\n\t\t<\/div>\n\t\t\t\t\t<\/div>\n\t\t<\/section>\n\t\t\t\t<section class=\"elementor-section elementor-top-section elementor-element elementor-element-b88b820 elementor-section-boxed elementor-section-height-default elementor-section-height-default\" data-id=\"b88b820\" data-element_type=\"section\">\n\t\t\t\t\t\t<div class=\"elementor-container elementor-column-gap-default\">\n\t\t\t\t\t<div class=\"elementor-column elementor-col-100 elementor-top-column elementor-element elementor-element-50dbeb8\" data-id=\"50dbeb8\" data-element_type=\"column\">\n\t\t\t<div class=\"elementor-widget-wrap elementor-element-populated\">\n\t\t\t\t\t\t<div class=\"elementor-element elementor-element-94108ba elementor-align-center animated-slow elementor-invisible elementor-widget elementor-widget-button\" data-id=\"94108ba\" data-element_type=\"widget\" data-settings=\"{&quot;_animation&quot;:&quot;fadeInDown&quot;,&quot;_animation_delay&quot;:450}\" data-widget_type=\"button.default\">\n\t\t\t\t<div class=\"elementor-widget-container\">\n\t\t\t\t\t\t\t\t\t<div class=\"elementor-button-wrapper\">\n\t\t\t\t\t<a class=\"elementor-button elementor-button-link elementor-size-sm elementor-animation-pulse-grow\" href=\"https:\/\/wa.link\/haa2hd\">\n\t\t\t\t\t\t<span class=\"elementor-button-content-wrapper\">\n\t\t\t\t\t\t\t\t\t<span class=\"elementor-button-text\">COMUN\u00cdCATE CON NOSOTROS<\/span>\n\t\t\t\t\t<\/span>\n\t\t\t\t\t<\/a>\n\t\t\t\t<\/div>\n\t\t\t\t\t\t\t\t<\/div>\n\t\t\t\t<\/div>\n\t\t\t\t\t<\/div>\n\t\t<\/div>\n\t\t\t\t\t<\/div>\n\t\t<\/section>\n\t\t\t\t<\/div>\n\t\t","protected":false},"excerpt":{"rendered":"<p>Agenciamiento de aduana La experiencia y profesionalismo de nuestro Gerente General y Agente Nacional de Aduana, Msc. Patricio Mafla Mej\u00eda, quien ha trabajado por m\u00e1s de 24 a\u00f1os en el \u00e1rea de Comercio Exterior, junto a nuestro gran equipo de colaboradores, nos permite ofrecer a nivel nacional un servicio especializado en Agenciamiento Aduanero, cumpliendo con &hellip;<\/p>\n<p class=\"read-more\"> <a class=\"\" href=\"https:\/\/mmaduana.com\/index.php\/agenciamiento-de-aduana\/\"> <span class=\"screen-reader-text\">Agenciamiento de Aduana<\/span> Leer m\u00e1s &raquo;<\/a><\/p>\n","protected":false},"author":1,"featured_media":0,"parent":0,"menu_order":0,"comment_status":"closed","ping_status":"closed","template":"","meta":{"_uag_custom_page_level_css":"","site-sidebar-layout":"no-sidebar","site-content-layout":"page-builder","ast-site-content-layout":"","site-content-style":"default","site-sidebar-style":"default","ast-global-header-display":"","ast-banner-title-visibility":"","ast-main-header-display":"","ast-hfb-above-header-display":"","ast-hfb-below-header-display":"","ast-hfb-mobile-header-display":"","site-post-title":"disabled","ast-breadcrumbs-content":"","ast-featured-img":"disabled","footer-sml-layout":"","theme-transparent-header-meta":"","adv-header-id-meta":"","stick-header-meta":"","header-above-stick-meta":"","header-main-stick-meta":"","header-below-stick-meta":"","astra-migrate-meta-layouts":"","_joinchat":[],"footnotes":""},"class_list":["post-167","page","type-page","status-publish","hentry"],"uagb_featured_image_src":{"full":false,"thumbnail":false,"medium":false,"medium_large":false,"large":false,"1536x1536":false,"2048x2048":false},"uagb_author_info":{"display_name":"MM ADUANA","author_link":"https:\/\/mmaduana.com\/index.php\/author\/admin_mmaduana\/"},"uagb_comment_info":0,"uagb_excerpt":"Agenciamiento de aduana La experiencia y profesionalismo de nuestro Gerente General y Agente Nacional de Aduana, Msc. Patricio Mafla Mej\u00eda, quien ha trabajado por m\u00e1s de 24 a\u00f1os en el \u00e1rea de Comercio Exterior, junto a nuestro gran equipo de colaboradores, nos permite ofrecer a nivel nacional un servicio especializado en Agenciamiento Aduanero, cumpliendo con&hellip;","_links":{"self":[{"href":"https:\/\/mmaduana.com\/index.php\/wp-json\/wp\/v2\/pages\/167","targetHints":{"allow":["GET"]}}],"collection":[{"href":"https:\/\/mmaduana.com\/index.php\/wp-json\/wp\/v2\/pages"}],"about":[{"href":"https:\/\/mmaduana.com\/index.php\/wp-json\/wp\/v2\/types\/page"}],"author":[{"embeddable":true,"href":"https:\/\/mmaduana.com\/index.php\/wp-json\/wp\/v2\/users\/1"}],"replies":[{"embeddable":true,"href":"https:\/\/mmaduana.com\/index.php\/wp-json\/wp\/v2\/comments?post=167"}],"version-history":[{"count":34,"href":"https:\/\/mmaduana.com\/index.php\/wp-json\/wp\/v2\/pages\/167\/revisions"}],"predecessor-version":[{"id":595,"href":"https:\/\/mmaduana.com\/index.php\/wp-json\/wp\/v2\/pages\/167\/revisions\/595"}],"wp:attachment":[{"href":"https:\/\/mmaduana.com\/index.php\/wp-json\/wp\/v2\/media?parent=167"}],"curies":[{"name":"wp","href":"https:\/\/api.w.org\/{rel}","templated":true}]}}