{"id":168,"date":"2023-08-24T00:44:53","date_gmt":"2023-08-24T00:44:53","guid":{"rendered":"https:\/\/mmaduana.com\/?page_id=168"},"modified":"2023-09-01T01:45:46","modified_gmt":"2023-09-01T01:45:46","slug":"transporte-nacional-de-carga","status":"publish","type":"page","link":"https:\/\/mmaduana.com\/index.php\/transporte-nacional-de-carga\/","title":{"rendered":"Transporte Nacional de Carga"},"content":{"rendered":"\t\t<div data-elementor-type=\"wp-page\" data-elementor-id=\"168\" class=\"elementor elementor-168\">\n\t\t\t\t\t\t<section class=\"elementor-section elementor-top-section elementor-element elementor-element-99605fa elementor-section-boxed elementor-section-height-default elementor-section-height-default\" data-id=\"99605fa\" data-element_type=\"section\">\n\t\t\t\t\t\t<div class=\"elementor-container elementor-column-gap-default\">\n\t\t\t\t\t<div class=\"elementor-column elementor-col-100 elementor-top-column elementor-element elementor-element-7e9529a\" data-id=\"7e9529a\" data-element_type=\"column\">\n\t\t\t<div class=\"elementor-widget-wrap elementor-element-populated\">\n\t\t\t\t\t\t<div class=\"elementor-element elementor-element-d1dc717 animated-slow elementor-invisible elementor-widget elementor-widget-image\" data-id=\"d1dc717\" data-element_type=\"widget\" data-settings=\"{&quot;_animation&quot;:&quot;fadeInDown&quot;,&quot;_animation_delay&quot;:440}\" data-widget_type=\"image.default\">\n\t\t\t\t<div class=\"elementor-widget-container\">\n\t\t\t\t\t\t\t\t\t\t\t\t\t\t\t<img fetchpriority=\"high\" decoding=\"async\" width=\"1000\" height=\"400\" src=\"https:\/\/mmaduana.com\/wp-content\/uploads\/2023\/08\/rdtfgyhuj.jpg\" class=\"attachment-large size-large wp-image-404\" alt=\"\" srcset=\"https:\/\/mmaduana.com\/wp-content\/uploads\/2023\/08\/rdtfgyhuj.jpg 1000w, https:\/\/mmaduana.com\/wp-content\/uploads\/2023\/08\/rdtfgyhuj-300x120.jpg 300w, https:\/\/mmaduana.com\/wp-content\/uploads\/2023\/08\/rdtfgyhuj-768x307.jpg 768w\" sizes=\"(max-width: 1000px) 100vw, 1000px\" \/>\t\t\t\t\t\t\t\t\t\t\t\t\t\t\t<\/div>\n\t\t\t\t<\/div>\n\t\t\t\t<div class=\"elementor-element elementor-element-6cf0403 animated-slow elementor-invisible elementor-widget elementor-widget-heading\" data-id=\"6cf0403\" data-element_type=\"widget\" data-settings=\"{&quot;_animation&quot;:&quot;fadeInDown&quot;,&quot;_animation_delay&quot;:450}\" data-widget_type=\"heading.default\">\n\t\t\t\t<div class=\"elementor-widget-container\">\n\t\t\t\t\t<h2 class=\"elementor-heading-title elementor-size-default\">Transporte de carga<\/h2>\t\t\t\t<\/div>\n\t\t\t\t<\/div>\n\t\t\t\t\t<\/div>\n\t\t<\/div>\n\t\t\t\t\t<\/div>\n\t\t<\/section>\n\t\t\t\t<section class=\"elementor-section elementor-top-section elementor-element elementor-element-dd00ed6 elementor-section-boxed elementor-section-height-default elementor-section-height-default\" data-id=\"dd00ed6\" data-element_type=\"section\">\n\t\t\t\t\t\t<div class=\"elementor-container elementor-column-gap-default\">\n\t\t\t\t\t<div class=\"elementor-column elementor-col-16 elementor-top-column elementor-element elementor-element-e900fe9\" data-id=\"e900fe9\" data-element_type=\"column\">\n\t\t\t<div class=\"elementor-widget-wrap\">\n\t\t\t\t\t\t\t<\/div>\n\t\t<\/div>\n\t\t\t\t<div class=\"elementor-column elementor-col-66 elementor-top-column elementor-element elementor-element-5bdd0bb\" data-id=\"5bdd0bb\" data-element_type=\"column\">\n\t\t\t<div class=\"elementor-widget-wrap elementor-element-populated\">\n\t\t\t\t\t\t<div class=\"elementor-element elementor-element-503806a animated-slow elementor-invisible elementor-widget elementor-widget-text-editor\" data-id=\"503806a\" data-element_type=\"widget\" data-settings=\"{&quot;_animation&quot;:&quot;fadeInLeft&quot;,&quot;_animation_delay&quot;:450}\" data-widget_type=\"text-editor.default\">\n\t\t\t\t<div class=\"elementor-widget-container\">\n\t\t\t\t\t\t\t\t\t<p><span style=\"font-weight: 400;\">Ofrecemos el servicio de transporte terrestre, desde y a cualquier punto del Ecuador, para todo tipo de carga<\/span><span style=\"font-weight: 400;\">, en una flota de veh\u00edculos que cumplen <\/span><span style=\"font-weight: 400;\">estrictos est\u00e1ndares de seguridad, para brindar un servicio eficiente y oportuno a nuestros clientes.<\/span><\/p>\t\t\t\t\t\t\t\t<\/div>\n\t\t\t\t<\/div>\n\t\t\t\t\t<\/div>\n\t\t<\/div>\n\t\t\t\t<div class=\"elementor-column elementor-col-16 elementor-top-column elementor-element elementor-element-69d5d1e\" data-id=\"69d5d1e\" data-element_type=\"column\">\n\t\t\t<div class=\"elementor-widget-wrap\">\n\t\t\t\t\t\t\t<\/div>\n\t\t<\/div>\n\t\t\t\t\t<\/div>\n\t\t<\/section>\n\t\t\t\t<section class=\"elementor-section elementor-top-section elementor-element elementor-element-b505ef8 elementor-section-boxed elementor-section-height-default elementor-section-height-default\" data-id=\"b505ef8\" data-element_type=\"section\">\n\t\t\t\t\t\t<div class=\"elementor-container elementor-column-gap-default\">\n\t\t\t\t\t<div class=\"elementor-column elementor-col-100 elementor-top-column elementor-element elementor-element-0d59eb5\" data-id=\"0d59eb5\" data-element_type=\"column\">\n\t\t\t<div class=\"elementor-widget-wrap elementor-element-populated\">\n\t\t\t\t\t\t<div class=\"elementor-element elementor-element-9e92207 elementor-align-center animated-slow elementor-invisible elementor-widget elementor-widget-button\" data-id=\"9e92207\" data-element_type=\"widget\" data-settings=\"{&quot;_animation&quot;:&quot;fadeInDown&quot;,&quot;_animation_delay&quot;:450}\" data-widget_type=\"button.default\">\n\t\t\t\t<div class=\"elementor-widget-container\">\n\t\t\t\t\t\t\t\t\t<div class=\"elementor-button-wrapper\">\n\t\t\t\t\t<a class=\"elementor-button elementor-button-link elementor-size-sm elementor-animation-pulse-grow\" href=\"https:\/\/wa.link\/haa2hd\">\n\t\t\t\t\t\t<span class=\"elementor-button-content-wrapper\">\n\t\t\t\t\t\t\t\t\t<span class=\"elementor-button-text\">COMUN\u00cdCATE CON NOSOTROS<\/span>\n\t\t\t\t\t<\/span>\n\t\t\t\t\t<\/a>\n\t\t\t\t<\/div>\n\t\t\t\t\t\t\t\t<\/div>\n\t\t\t\t<\/div>\n\t\t\t\t\t<\/div>\n\t\t<\/div>\n\t\t\t\t\t<\/div>\n\t\t<\/section>\n\t\t\t\t<\/div>\n\t\t","protected":false},"excerpt":{"rendered":"<p>Transporte de carga Ofrecemos el servicio de transporte terrestre, desde y a cualquier punto del Ecuador, para todo tipo de carga, en una flota de veh\u00edculos que cumplen estrictos est\u00e1ndares de seguridad, para brindar un servicio eficiente y oportuno a nuestros clientes. COMUN\u00cdCATE CON NOSOTROS<\/p>\n","protected":false},"author":1,"featured_media":0,"parent":0,"menu_order":0,"comment_status":"closed","ping_status":"closed","template":"","meta":{"_uag_custom_page_level_css":"","site-sidebar-layout":"no-sidebar","site-content-layout":"page-builder","ast-site-content-layout":"","site-content-style":"default","site-sidebar-style":"default","ast-global-header-display":"","ast-banner-title-visibility":"","ast-main-header-display":"","ast-hfb-above-header-display":"","ast-hfb-below-header-display":"","ast-hfb-mobile-header-display":"","site-post-title":"disabled","ast-breadcrumbs-content":"","ast-featured-img":"disabled","footer-sml-layout":"","theme-transparent-header-meta":"","adv-header-id-meta":"","stick-header-meta":"","header-above-stick-meta":"","header-main-stick-meta":"","header-below-stick-meta":"","astra-migrate-meta-layouts":"","_joinchat":[],"footnotes":""},"class_list":["post-168","page","type-page","status-publish","hentry"],"uagb_featured_image_src":{"full":false,"thumbnail":false,"medium":false,"medium_large":false,"large":false,"1536x1536":false,"2048x2048":false},"uagb_author_info":{"display_name":"MM ADUANA","author_link":"https:\/\/mmaduana.com\/index.php\/author\/admin_mmaduana\/"},"uagb_comment_info":0,"uagb_excerpt":"Transporte de carga Ofrecemos el servicio de transporte terrestre, desde y a cualquier punto del Ecuador, para todo tipo de carga, en una flota de veh\u00edculos que cumplen estrictos est\u00e1ndares de seguridad, para brindar un servicio eficiente y oportuno a nuestros clientes. COMUN\u00cdCATE CON NOSOTROS","_links":{"self":[{"href":"https:\/\/mmaduana.com\/index.php\/wp-json\/wp\/v2\/pages\/168","targetHints":{"allow":["GET"]}}],"collection":[{"href":"https:\/\/mmaduana.com\/index.php\/wp-json\/wp\/v2\/pages"}],"about":[{"href":"https:\/\/mmaduana.com\/index.php\/wp-json\/wp\/v2\/types\/page"}],"author":[{"embeddable":true,"href":"https:\/\/mmaduana.com\/index.php\/wp-json\/wp\/v2\/users\/1"}],"replies":[{"embeddable":true,"href":"https:\/\/mmaduana.com\/index.php\/wp-json\/wp\/v2\/comments?post=168"}],"version-history":[{"count":25,"href":"https:\/\/mmaduana.com\/index.php\/wp-json\/wp\/v2\/pages\/168\/revisions"}],"predecessor-version":[{"id":598,"href":"https:\/\/mmaduana.com\/index.php\/wp-json\/wp\/v2\/pages\/168\/revisions\/598"}],"wp:attachment":[{"href":"https:\/\/mmaduana.com\/index.php\/wp-json\/wp\/v2\/media?parent=168"}],"curies":[{"name":"wp","href":"https:\/\/api.w.org\/{rel}","templated":true}]}}