{"id":170,"date":"2023-08-24T00:44:53","date_gmt":"2023-08-24T00:44:53","guid":{"rendered":"https:\/\/mmaduana.com\/?page_id=170"},"modified":"2023-09-01T01:46:13","modified_gmt":"2023-09-01T01:46:13","slug":"asesoria-especializada","status":"publish","type":"page","link":"https:\/\/mmaduana.com\/index.php\/asesoria-especializada\/","title":{"rendered":"Asesor\u00eda Especializada"},"content":{"rendered":"\t\t<div data-elementor-type=\"wp-page\" data-elementor-id=\"170\" class=\"elementor elementor-170\">\n\t\t\t\t\t\t<section class=\"elementor-section elementor-top-section elementor-element elementor-element-38c1d63 elementor-section-boxed elementor-section-height-default elementor-section-height-default\" data-id=\"38c1d63\" data-element_type=\"section\">\n\t\t\t\t\t\t<div class=\"elementor-container elementor-column-gap-default\">\n\t\t\t\t\t<div class=\"elementor-column elementor-col-100 elementor-top-column elementor-element elementor-element-9ca0b2e\" data-id=\"9ca0b2e\" data-element_type=\"column\">\n\t\t\t<div class=\"elementor-widget-wrap elementor-element-populated\">\n\t\t\t\t\t\t<div class=\"elementor-element elementor-element-bfd55e3 animated-slow elementor-invisible elementor-widget elementor-widget-image\" data-id=\"bfd55e3\" data-element_type=\"widget\" data-settings=\"{&quot;_animation&quot;:&quot;fadeInDown&quot;,&quot;_animation_delay&quot;:540}\" data-widget_type=\"image.default\">\n\t\t\t\t<div class=\"elementor-widget-container\">\n\t\t\t\t\t\t\t\t\t\t\t\t\t\t\t<img fetchpriority=\"high\" decoding=\"async\" width=\"1000\" height=\"400\" src=\"https:\/\/mmaduana.com\/wp-content\/uploads\/2023\/08\/ASESORIA-ESPECIALIZADA.png\" class=\"attachment-large size-large wp-image-380\" alt=\"\" srcset=\"https:\/\/mmaduana.com\/wp-content\/uploads\/2023\/08\/ASESORIA-ESPECIALIZADA.png 1000w, https:\/\/mmaduana.com\/wp-content\/uploads\/2023\/08\/ASESORIA-ESPECIALIZADA-300x120.png 300w, https:\/\/mmaduana.com\/wp-content\/uploads\/2023\/08\/ASESORIA-ESPECIALIZADA-768x307.png 768w\" sizes=\"(max-width: 1000px) 100vw, 1000px\" \/>\t\t\t\t\t\t\t\t\t\t\t\t\t\t\t<\/div>\n\t\t\t\t<\/div>\n\t\t\t\t<div class=\"elementor-element elementor-element-e601359 animated-slow elementor-invisible elementor-widget elementor-widget-heading\" data-id=\"e601359\" data-element_type=\"widget\" data-settings=\"{&quot;_animation&quot;:&quot;fadeInUp&quot;,&quot;_animation_delay&quot;:560}\" data-widget_type=\"heading.default\">\n\t\t\t\t<div class=\"elementor-widget-container\">\n\t\t\t\t\t<h2 class=\"elementor-heading-title elementor-size-default\">Asesor\u00eda especializada<\/h2>\t\t\t\t<\/div>\n\t\t\t\t<\/div>\n\t\t\t\t\t<\/div>\n\t\t<\/div>\n\t\t\t\t\t<\/div>\n\t\t<\/section>\n\t\t\t\t<section class=\"elementor-section elementor-top-section elementor-element elementor-element-1c64838 elementor-section-boxed elementor-section-height-default elementor-section-height-default\" data-id=\"1c64838\" data-element_type=\"section\">\n\t\t\t\t\t\t<div class=\"elementor-container elementor-column-gap-default\">\n\t\t\t\t\t<div class=\"elementor-column elementor-col-16 elementor-top-column elementor-element elementor-element-07aef85\" data-id=\"07aef85\" data-element_type=\"column\">\n\t\t\t<div class=\"elementor-widget-wrap\">\n\t\t\t\t\t\t\t<\/div>\n\t\t<\/div>\n\t\t\t\t<div class=\"elementor-column elementor-col-66 elementor-top-column elementor-element elementor-element-16d718a\" data-id=\"16d718a\" data-element_type=\"column\">\n\t\t\t<div class=\"elementor-widget-wrap elementor-element-populated\">\n\t\t\t\t\t\t<div class=\"elementor-element elementor-element-5720a4f animated-slow elementor-widget__width-initial elementor-invisible elementor-widget elementor-widget-text-editor\" data-id=\"5720a4f\" data-element_type=\"widget\" data-settings=\"{&quot;_animation&quot;:&quot;fadeInLeft&quot;,&quot;_animation_delay&quot;:530}\" data-widget_type=\"text-editor.default\">\n\t\t\t\t<div class=\"elementor-widget-container\">\n\t\t\t\t\t\t\t\t\t<p>Nuestro grupo de profesionales, altamente calificados y con amplia experiencia en el \u00e1rea de comercio exterior, se encuentra listo para asesorarte en temas como clasificaci\u00f3n arancelaria, valoraci\u00f3n aduanera, normas de origen, tratados y convenios internacionales, entre otros.<\/p>\t\t\t\t\t\t\t\t<\/div>\n\t\t\t\t<\/div>\n\t\t\t\t\t<\/div>\n\t\t<\/div>\n\t\t\t\t<div class=\"elementor-column elementor-col-16 elementor-top-column elementor-element elementor-element-a75e3f1\" data-id=\"a75e3f1\" data-element_type=\"column\">\n\t\t\t<div class=\"elementor-widget-wrap\">\n\t\t\t\t\t\t\t<\/div>\n\t\t<\/div>\n\t\t\t\t\t<\/div>\n\t\t<\/section>\n\t\t\t\t<section class=\"elementor-section elementor-top-section elementor-element elementor-element-09a6f4b elementor-section-boxed elementor-section-height-default elementor-section-height-default\" data-id=\"09a6f4b\" data-element_type=\"section\">\n\t\t\t\t\t\t<div class=\"elementor-container elementor-column-gap-default\">\n\t\t\t\t\t<div class=\"elementor-column elementor-col-100 elementor-top-column elementor-element elementor-element-4918b86\" data-id=\"4918b86\" data-element_type=\"column\">\n\t\t\t<div class=\"elementor-widget-wrap elementor-element-populated\">\n\t\t\t\t\t\t<div class=\"elementor-element elementor-element-5a4d563 elementor-align-center animated-slow elementor-invisible elementor-widget elementor-widget-button\" data-id=\"5a4d563\" data-element_type=\"widget\" data-settings=\"{&quot;_animation&quot;:&quot;fadeInDown&quot;,&quot;_animation_delay&quot;:540}\" data-widget_type=\"button.default\">\n\t\t\t\t<div class=\"elementor-widget-container\">\n\t\t\t\t\t\t\t\t\t<div class=\"elementor-button-wrapper\">\n\t\t\t\t\t<a class=\"elementor-button elementor-button-link elementor-size-sm elementor-animation-pulse-grow\" href=\"https:\/\/wa.link\/haa2hd\">\n\t\t\t\t\t\t<span class=\"elementor-button-content-wrapper\">\n\t\t\t\t\t\t\t\t\t<span class=\"elementor-button-text\">COMUN\u00cdCATE CON NOSOTROS<\/span>\n\t\t\t\t\t<\/span>\n\t\t\t\t\t<\/a>\n\t\t\t\t<\/div>\n\t\t\t\t\t\t\t\t<\/div>\n\t\t\t\t<\/div>\n\t\t\t\t\t<\/div>\n\t\t<\/div>\n\t\t\t\t\t<\/div>\n\t\t<\/section>\n\t\t\t\t<\/div>\n\t\t","protected":false},"excerpt":{"rendered":"<p>Asesor\u00eda especializada Nuestro grupo de profesionales, altamente calificados y con amplia experiencia en el \u00e1rea de comercio exterior, se encuentra listo para asesorarte en temas como clasificaci\u00f3n arancelaria, valoraci\u00f3n aduanera, normas de origen, tratados y convenios internacionales, entre otros. COMUN\u00cdCATE CON NOSOTROS<\/p>\n","protected":false},"author":1,"featured_media":0,"parent":0,"menu_order":0,"comment_status":"closed","ping_status":"closed","template":"","meta":{"_uag_custom_page_level_css":"","site-sidebar-layout":"no-sidebar","site-content-layout":"page-builder","ast-site-content-layout":"","site-content-style":"default","site-sidebar-style":"default","ast-global-header-display":"","ast-banner-title-visibility":"","ast-main-header-display":"","ast-hfb-above-header-display":"","ast-hfb-below-header-display":"","ast-hfb-mobile-header-display":"","site-post-title":"disabled","ast-breadcrumbs-content":"","ast-featured-img":"disabled","footer-sml-layout":"","theme-transparent-header-meta":"","adv-header-id-meta":"","stick-header-meta":"","header-above-stick-meta":"","header-main-stick-meta":"","header-below-stick-meta":"","astra-migrate-meta-layouts":"","_joinchat":[],"footnotes":""},"class_list":["post-170","page","type-page","status-publish","hentry"],"uagb_featured_image_src":{"full":false,"thumbnail":false,"medium":false,"medium_large":false,"large":false,"1536x1536":false,"2048x2048":false},"uagb_author_info":{"display_name":"MM ADUANA","author_link":"https:\/\/mmaduana.com\/index.php\/author\/admin_mmaduana\/"},"uagb_comment_info":0,"uagb_excerpt":"Asesor\u00eda especializada Nuestro grupo de profesionales, altamente calificados y con amplia experiencia en el \u00e1rea de comercio exterior, se encuentra listo para asesorarte en temas como clasificaci\u00f3n arancelaria, valoraci\u00f3n aduanera, normas de origen, tratados y convenios internacionales, entre otros. COMUN\u00cdCATE CON NOSOTROS","_links":{"self":[{"href":"https:\/\/mmaduana.com\/index.php\/wp-json\/wp\/v2\/pages\/170","targetHints":{"allow":["GET"]}}],"collection":[{"href":"https:\/\/mmaduana.com\/index.php\/wp-json\/wp\/v2\/pages"}],"about":[{"href":"https:\/\/mmaduana.com\/index.php\/wp-json\/wp\/v2\/types\/page"}],"author":[{"embeddable":true,"href":"https:\/\/mmaduana.com\/index.php\/wp-json\/wp\/v2\/users\/1"}],"replies":[{"embeddable":true,"href":"https:\/\/mmaduana.com\/index.php\/wp-json\/wp\/v2\/comments?post=170"}],"version-history":[{"count":40,"href":"https:\/\/mmaduana.com\/index.php\/wp-json\/wp\/v2\/pages\/170\/revisions"}],"predecessor-version":[{"id":604,"href":"https:\/\/mmaduana.com\/index.php\/wp-json\/wp\/v2\/pages\/170\/revisions\/604"}],"wp:attachment":[{"href":"https:\/\/mmaduana.com\/index.php\/wp-json\/wp\/v2\/media?parent=170"}],"curies":[{"name":"wp","href":"https:\/\/api.w.org\/{rel}","templated":true}]}}